{"id":50,"date":"2017-06-15T17:42:32","date_gmt":"2017-06-15T17:42:32","guid":{"rendered":"http:\/\/banderasamigusto.com\/site\/servicios\/"},"modified":"2017-07-12T16:29:57","modified_gmt":"2017-07-12T22:29:57","slug":"servicios","status":"publish","type":"page","link":"http:\/\/banderasamigusto.com\/site\/servicios\/","title":{"rendered":"Servicios"},"content":{"rendered":"<p>[et_pb_section bb_built=\u00bb1&#8243; admin_label=\u00bbsection\u00bb _builder_version=\u00bb3.0.51&#8243; background_image=\u00bbhttp:\/\/banderasamigusto.com\/site\/wp-content\/uploads\/2017\/06\/fondo-banderas-white.jpg\u00bb parallax=\u00bbon\u00bb][et_pb_row admin_label=\u00bbrow\u00bb _builder_version=\u00bb3.0.47&#8243; background_size=\u00bbinitial\u00bb background_position=\u00bbtop_left\u00bb background_repeat=\u00bbrepeat\u00bb][et_pb_column type=\u00bb4_4&#8243;][et_pb_text admin_label=\u00bbTexto\u00bb background_layout=\u00bbdark\u00bb text_orientation=\u00bbcenter\u00bb _builder_version=\u00bb3.0.51&#8243; text_text_color=\u00bb#000000&#8243; header_font=\u00bb|||on|\u00bb custom_css_main_element=\u00bbtext-shadow: 1px 1px 3px #000;\u00bb]<\/p>\n<h1>Servicios Personalizados<\/h1>\n<p>[\/et_pb_text][\/et_pb_column][\/et_pb_row][\/et_pb_section][et_pb_section bb_built=\u00bb1&#8243; admin_label=\u00bbSecci\u00f3n\u00bb _builder_version=\u00bb3.0.51&#8243; background_image=\u00bbhttp:\/\/banderasamigusto.com\/site\/wp-content\/uploads\/2017\/06\/servicios-bordados.jpg\u00bb][et_pb_row admin_label=\u00bbFila\u00bb _builder_version=\u00bb3.0.51&#8243;][et_pb_column type=\u00bb1_2&#8243;][et_pb_text admin_label=\u00bbTexto\u00bb _builder_version=\u00bb3.0.51&#8243;]<\/p>\n<h2>Bordados<\/h2>\n<p>Nuestro servicio de bordado cuenta con la especialidad de bordados de gran tama\u00f1o, variedad de dise\u00f1os, tipos de letra y el mas amplio catalogo de colores en hilo de bordar; ya que Banderas A Mi Gusto, cuenta con un avanzado y exclusivo equipo de bordado computarizado, que nos permite garantizar una alta calidad.<\/p>\n<p>Incluyendo el servicio de bordado directo sobre prendas de vestir, particulares o de oficina, Toallas, Gabachas, vestimentas para trabajo pesado o de alto desempe\u00f1o, uniformes escolares, vestuarios publicitarios.<\/p>\n<p>[\/et_pb_text][\/et_pb_column][et_pb_column type=\u00bb1_2&#8243;][\/et_pb_column][\/et_pb_row][\/et_pb_section][et_pb_section bb_built=\u00bb1&#8243; admin_label=\u00bbSecci\u00f3n\u00bb _builder_version=\u00bb3.0.51&#8243; background_image=\u00bbhttp:\/\/banderasamigusto.com\/site\/wp-content\/uploads\/2017\/06\/servicios-estampado-2.jpg\u00bb][et_pb_row admin_label=\u00bbFila\u00bb _builder_version=\u00bb3.0.47&#8243; background_size=\u00bbinitial\u00bb background_position=\u00bbtop_left\u00bb background_repeat=\u00bbrepeat\u00bb][et_pb_column type=\u00bb1_2&#8243;][\/et_pb_column][et_pb_column type=\u00bb1_2&#8243;][et_pb_text admin_label=\u00bbTexto\u00bb _builder_version=\u00bb3.0.51&#8243;]<\/p>\n<h2>Estampados<\/h2>\n<p>Nuestros estampados de alta calidad se dividen en dos ramas, para adecuarnos a las necesidades de nuestros clientes.<\/p>\n<h4>L\u00e1ser Full Color<\/h4>\n<p>El tipo de estampado Full color, v\u00eda impresi\u00f3n l\u00e1ser se hace directamente sobre la tela, permitiendo plasmar un llamativo dise\u00f1o grafico que contenga o combine fotograf\u00eda, gr\u00e1ficos y texto en colores firmes, garantizando la duraci\u00f3n de la impresi\u00f3n.<\/p>\n<h4>Estampado T\u00e9rmico<\/h4>\n<p>Si su emblema es mas directo, dentro de los colores primarios, de l\u00edneas \u00fanicas y bien definidas, esta es su mejor opci\u00f3n. Este sistema permite entregar un dise\u00f1o fijado bajo fusi\u00f3n t\u00e9rmica en tela, donde garantizamos un producto de alto desempe\u00f1o para exteriores y con alta calidad de definici\u00f3n de trazos y una variedad de colores en tonos mate.<\/p>\n<p>[\/et_pb_text][\/et_pb_column][\/et_pb_row][\/et_pb_section][et_pb_section bb_built=\u00bb1&#8243; admin_label=\u00bbSecci\u00f3n\u00bb background_color=\u00bb#244b99&#8243; _builder_version=\u00bb3.0.51&#8243;][et_pb_row admin_label=\u00bbFila\u00bb _builder_version=\u00bb3.0.47&#8243; background_size=\u00bbinitial\u00bb background_position=\u00bbtop_left\u00bb background_repeat=\u00bbrepeat\u00bb][et_pb_column type=\u00bb4_4&#8243;][et_pb_blurb admin_label=\u00bbAnuncio\u00bb title=\u00bbDise\u00f1o de Artes\u00bb use_icon=\u00bbon\u00bb font_icon=\u00bb%%99%%\u00bb icon_color=\u00bb#ffffff\u00bb background_layout=\u00bbdark\u00bb _builder_version=\u00bb3.0.51&#8243;]<\/p>\n<p>Para los casos que nuestros clientes necesiten asistencia en crear o finalizar su valiosa idea de lo que desean plasmar en su dise\u00f1o.<\/p>\n<p>Brindamos el servicio de dise\u00f1o de artes gr\u00e1ficos para todos nuestros productos, con un equipo experimentado en dise\u00f1o, manejo de gr\u00e1ficos y combinaci\u00f3n de colores<\/p>\n<p>[\/et_pb_blurb][\/et_pb_column][\/et_pb_row][\/et_pb_section][et_pb_section bb_built=\u00bb1&#8243; admin_label=\u00bbSecci\u00f3n\u00bb custom_padding=\u00bb0px|0px|0px|0px\u00bb _builder_version=\u00bb3.0.51&#8243; global_module=\u00bb108&#8243;][et_pb_row admin_label=\u00bbFila\u00bb global_parent=\u00bb108&#8243; make_fullwidth=\u00bbon\u00bb use_custom_gutter=\u00bbon\u00bb gutter_width=\u00bb1&#8243; custom_padding=\u00bb0px|0px|0px|0px\u00bb background_color=\u00bb#003b68&#8243; padding_top_1=\u00bb70px\u00bb padding_right_1=\u00bb60px\u00bb padding_bottom_1=\u00bb60px\u00bb padding_left_1=\u00bb60px\u00bb _builder_version=\u00bb3.0.51&#8243; background_size=\u00bbinitial\u00bb background_position=\u00bbtop_left\u00bb background_repeat=\u00bbrepeat\u00bb][et_pb_column type=\u00bb1_2&#8243;][et_pb_text admin_label=\u00bbTexto\u00bb global_parent=\u00bb108&#8243; background_layout=\u00bbdark\u00bb _builder_version=\u00bb3.0.51&#8243; custom_padding=\u00bb||50px|\u00bb text_orientation=\u00bbleft\u00bb border_style=\u00bbsolid\u00bb]<\/p>\n<h1>Cont\u00e1ctenos<\/h1>\n<p>Avenida Manuel Gallardo # 3-3<br \/>\nSanta Tecla, La Libertad. El Salvador, Centroam\u00e9rica<\/p>\n<p>Telefax +503\u00a02228 0474<br \/>\nTel\u00e9fono +503\u00a02229 7475<br \/>\nE-mail:\u00a0<span style=\"color: #ffffff;\"><a href=\"mailto:info@banderasamigusto.com\">info@banderasamigusto.com<\/a><\/span><\/p>\n<p>[\/et_pb_text][et_pb_contact_form admin_label=\u00bbFormulario de contacto\u00bb global_parent=\u00bb108&#8243; form_background_color=\u00bb#003b68&#8243; module_id=\u00bbet_pb_contact_form_0&#8243; _builder_version=\u00bb3.0.51&#8243; title_text_color=\u00bb#ffffff\u00bb form_field_text_color=\u00bb#ffffff\u00bb use_border_color=\u00bbon\u00bb custom_button=\u00bbon\u00bb button_text_color=\u00bb#ffffff\u00bb custom_css_captcha_label=\u00bbcolor: #FFF;\u00bb] [et_pb_contact_field field_id=\u00bbName\u00bb field_title=\u00bbNombre*\u00bb _builder_version=\u00bb3.0.47&#8243;][\/et_pb_contact_field][et_pb_contact_field field_id=\u00bbTelefono\u00bb field_title=\u00bbTel\u00e9fono*\u00bb _builder_version=\u00bb3.0.51&#8243;][\/et_pb_contact_field][et_pb_contact_field field_id=\u00bbEmail\u00bb field_title=\u00bbDirecci\u00f3n de correo electr\u00f3nico*\u00bb field_type=\u00bbemail\u00bb _builder_version=\u00bb3.0.47&#8243; fullwidth_field=\u00bbon\u00bb][\/et_pb_contact_field][et_pb_contact_field field_id=\u00bbMessage\u00bb field_title=\u00bbMensaje*\u00bb field_type=\u00bbtext\u00bb fullwidth_field=\u00bbon\u00bb _builder_version=\u00bb3.0.47&#8243;][\/et_pb_contact_field] [\/et_pb_contact_form][\/et_pb_column][et_pb_column type=\u00bb1_2&#8243;][et_pb_map admin_label=\u00bbMapa\u00bb global_parent=\u00bb108&#8243; address=\u00bbSanta Tecla, El Salvador\u00bb zoom_level=\u00bb17&#8243; address_lat=\u00bb13.676919985663101&#8243; address_lng=\u00bb-89.28750992300111&#8243; mouse_wheel=\u00bboff\u00bb module_id=\u00bbmapapie1&#8243; _builder_version=\u00bb3.0.51&#8243;] [et_pb_map_pin title=\u00bbBanderas A Mi Gusto\u00bb pin_address=\u00bbAvenida Dr. Manuel Gallardo, Santa Tecla, El Salvador\u00bb pin_address_lat=\u00bb13.676742767159134&#8243; pin_address_lng=\u00bb-89.28804636480407&#8243; _builder_version=\u00bb3.0.47&#8243;]<\/p>\n<p>Avenida Manuel Gallardo # 3-3<br \/>\nSanta Tecla, La Libertad. El Salvador, Centroam\u00e9rica<br \/>\nTel.\u00a0(503) 2228-0474<br \/>\nFax. (503) 2229-7475<br \/>\nE-mail: info@banderasamigusto.com<\/p>\n<p>[\/et_pb_map_pin] [\/et_pb_map][\/et_pb_column][\/et_pb_row][\/et_pb_section]<\/p>\n","protected":false},"excerpt":{"rendered":"<p>Servicios Personalizados Bordados Nuestro servicio de bordado cuenta con la especialidad de bordados de gran tama\u00f1o, variedad de dise\u00f1os, tipos de letra y el mas amplio catalogo de colores en hilo de bordar; ya que Banderas A Mi Gusto, cuenta con un avanzado y exclusivo equipo de bordado computarizado, que nos permite garantizar una alta [&hellip;]<\/p>\n","protected":false},"author":1,"featured_media":0,"parent":0,"menu_order":4,"comment_status":"closed","ping_status":"closed","template":"","meta":{"_et_pb_use_builder":"on","_et_pb_old_content":"","_et_gb_content_width":"","footnotes":""},"_links":{"self":[{"href":"http:\/\/banderasamigusto.com\/site\/wp-json\/wp\/v2\/pages\/50"}],"collection":[{"href":"http:\/\/banderasamigusto.com\/site\/wp-json\/wp\/v2\/pages"}],"about":[{"href":"http:\/\/banderasamigusto.com\/site\/wp-json\/wp\/v2\/types\/page"}],"author":[{"embeddable":true,"href":"http:\/\/banderasamigusto.com\/site\/wp-json\/wp\/v2\/users\/1"}],"replies":[{"embeddable":true,"href":"http:\/\/banderasamigusto.com\/site\/wp-json\/wp\/v2\/comments?post=50"}],"version-history":[{"count":6,"href":"http:\/\/banderasamigusto.com\/site\/wp-json\/wp\/v2\/pages\/50\/revisions"}],"predecessor-version":[{"id":345,"href":"http:\/\/banderasamigusto.com\/site\/wp-json\/wp\/v2\/pages\/50\/revisions\/345"}],"wp:attachment":[{"href":"http:\/\/banderasamigusto.com\/site\/wp-json\/wp\/v2\/media?parent=50"}],"curies":[{"name":"wp","href":"https:\/\/api.w.org\/{rel}","templated":true}]}}